{"id":17996,"date":"2022-06-09T22:53:57","date_gmt":"2022-06-10T02:53:57","guid":{"rendered":"https:\/\/dellarmilaw.com\/articulos\/"},"modified":"2024-10-08T11:30:20","modified_gmt":"2024-10-08T15:30:20","slug":"articulos","status":"publish","type":"page","link":"https:\/\/dellarmilaw.com\/es\/articulos\/","title":{"rendered":"Articulos"},"content":{"rendered":"<p><div class=\"fusion-fullwidth fullwidth-box fusion-builder-row-1 fusion-flex-container has-pattern-background has-mask-background nonhundred-percent-fullwidth non-hundred-percent-height-scrolling\" style=\"--awb-border-radius-top-left:0px;--awb-border-radius-top-right:0px;--awb-border-radius-bottom-right:0px;--awb-border-radius-bottom-left:0px;--awb-flex-wrap:wrap;\" ><div class=\"fusion-builder-row fusion-row fusion-flex-align-items-flex-start fusion-flex-content-wrap\" style=\"max-width:1310.4px;margin-left: calc(-4% \/ 2 );margin-right: calc(-4% \/ 2 );\"><div class=\"fusion-layout-column fusion_builder_column fusion-builder-column-0 fusion_builder_column_1_1 1_1 fusion-flex-column\" style=\"--awb-bg-size:cover;--awb-width-large:100%;--awb-margin-top-large:20px;--awb-spacing-right-large:1.92%;--awb-margin-bottom-large:20px;--awb-spacing-left-large:1.92%;--awb-width-medium:100%;--awb-order-medium:0;--awb-spacing-right-medium:1.92%;--awb-spacing-left-medium:1.92%;--awb-width-small:100%;--awb-order-small:0;--awb-spacing-right-small:1.92%;--awb-spacing-left-small:1.92%;\"><div class=\"fusion-column-wrapper fusion-column-has-shadow fusion-flex-justify-content-flex-start fusion-content-layout-column\"><div class=\"fusion-recent-posts fusion-recent-posts-1 avada-container layout-default layout-columns-3 fusion-recent-posts-infinite fusion-recent-posts-load-more\" style=\"--awb-margin-bottom:5%;--h1_typography-font-size:30px;\" data-pages=\"1\"><section class=\"fusion-columns columns fusion-columns-3 columns-3\"><article class=\"post fusion-column column col col-lg-4 col-md-4 col-sm-4 fusion-animated\" data-animationType=\"fadeInUp\" data-animationDuration=\"0.3\" data-animationOffset=\"top-into-view\"><div class=\"fusion-flexslider fusion-flexslider-loading flexslider flexslider-hover-type-liftup\"><ul class=\"slides\"><li><a href=\"https:\/\/dellarmilaw.com\/es\/5-preguntas-para-encontrar-un-abogado-de-lesiones-personales\/\" aria-label=\"5 preguntas para encontrar un abogado de lesiones personales\" class=\"hover-type-liftup\"><img decoding=\"async\" width=\"661\" height=\"441\" src=\"https:\/\/dellarmilaw.com\/wp-content\/uploads\/2022\/04\/hurt-pexels-rodnae-productions-6520100-scaled.jpg\" class=\"attachment-recent-posts size-recent-posts lazyload\" alt=\"\" srcset=\"data:image\/svg+xml,%3Csvg%20xmlns%3D%27http%3A%2F%2Fwww.w3.org%2F2000%2Fsvg%27%20width%3D%272560%27%20height%3D%271707%27%20viewBox%3D%270%200%202560%201707%27%3E%3Crect%20width%3D%272560%27%20height%3D%271707%27%20fill-opacity%3D%220%22%2F%3E%3C%2Fsvg%3E\" data-orig-src=\"https:\/\/dellarmilaw.com\/wp-content\/uploads\/2022\/04\/hurt-pexels-rodnae-productions-6520100-scaled.jpg\" data-srcset=\"https:\/\/dellarmilaw.com\/wp-content\/uploads\/2022\/04\/hurt-pexels-rodnae-productions-6520100-440x293.jpg 440w, https:\/\/dellarmilaw.com\/wp-content\/uploads\/2022\/04\/hurt-pexels-rodnae-productions-6520100-scaled-500x333.jpg 500w, https:\/\/dellarmilaw.com\/wp-content\/uploads\/2022\/04\/hurt-pexels-rodnae-productions-6520100-scaled-700x467.jpg 700w, https:\/\/dellarmilaw.com\/wp-content\/uploads\/2022\/04\/hurt-pexels-rodnae-productions-6520100-1536x1024.jpg 1536w, https:\/\/dellarmilaw.com\/wp-content\/uploads\/2022\/04\/hurt-pexels-rodnae-productions-6520100-scaled.jpg 2560w\" data-sizes=\"auto\" \/><\/a><\/li><\/ul><\/div><div class=\"recent-posts-content\"><span class=\"entry-title\" style=\"display: none;\">5 preguntas para encontrar un abogado de lesiones personales<\/span><span class=\"vcard\" style=\"display: none;\"><span class=\"fn\"><a href=\"https:\/\/dellarmilaw.com\/es\/author\/admin\/\" title=\"Entradas de Sylvia\" rel=\"author\">Sylvia<\/a><\/span><\/span><span class=\"updated\" style=\"display:none;\">2024-10-03T16:03:26-04:00<\/span><p class=\"meta\"><span class=\"vcard\" style=\"display: none;\"><span class=\"fn\"><a href=\"https:\/\/dellarmilaw.com\/es\/author\/admin\/\" title=\"Entradas de Sylvia\" rel=\"author\">Sylvia<\/a><\/span><\/span><span class=\"updated\" style=\"display:none;\">2024-10-03T16:03:26-04:00<\/span><a href=\"https:\/\/dellarmilaw.com\/es\/category\/sin-categorizar\/\" rel=\"category tag\">Sin categorizar<\/a><span class=\"fusion-inline-sep\">|<\/span><\/p><p> \r Los abogados especializados en lesiones personales son cruciales en el proceso de planificaci\u00f3n de una reclamaci\u00f3n por accidente o lesi\u00f3n. Independientemente del tipo [...]<\/p><\/div><\/article><article class=\"post fusion-column column col col-lg-4 col-md-4 col-sm-4 fusion-animated\" data-animationType=\"fadeInUp\" data-animationDuration=\"0.3\" data-animationOffset=\"top-into-view\"><div class=\"fusion-flexslider fusion-flexslider-loading flexslider flexslider-hover-type-liftup\"><ul class=\"slides\"><li><a href=\"https:\/\/dellarmilaw.com\/es\/ventajas-de-contratar-a-un-abogado-de-lesiones-personales\/\" aria-label=\"Ventajas de contratar a un abogado de lesiones personales\" class=\"hover-type-liftup\"><img decoding=\"async\" width=\"700\" height=\"441\" src=\"https:\/\/dellarmilaw.com\/wp-content\/uploads\/2022\/05\/Benefits-of-Hiring-a-Personal-Injury-Lawyer-700x441.jpg\" class=\"attachment-recent-posts size-recent-posts lazyload\" alt=\"\" srcset=\"data:image\/svg+xml,%3Csvg%20xmlns%3D%27http%3A%2F%2Fwww.w3.org%2F2000%2Fsvg%27%20width%3D%272000%27%20height%3D%271334%27%20viewBox%3D%270%200%202000%201334%27%3E%3Crect%20width%3D%272000%27%20height%3D%271334%27%20fill-opacity%3D%220%22%2F%3E%3C%2Fsvg%3E\" data-orig-src=\"https:\/\/dellarmilaw.com\/wp-content\/uploads\/2022\/05\/Benefits-of-Hiring-a-Personal-Injury-Lawyer-700x441.jpg\" data-srcset=\"https:\/\/dellarmilaw.com\/wp-content\/uploads\/2022\/05\/Benefits-of-Hiring-a-Personal-Injury-Lawyer-320x202.jpg 320w, https:\/\/dellarmilaw.com\/wp-content\/uploads\/2022\/05\/Benefits-of-Hiring-a-Personal-Injury-Lawyer-700x441.jpg 700w\" data-sizes=\"auto\" \/><\/a><\/li><\/ul><\/div><div class=\"recent-posts-content\"><span class=\"entry-title\" style=\"display: none;\">Ventajas de contratar a un abogado de lesiones personales<\/span><span class=\"vcard\" style=\"display: none;\"><span class=\"fn\"><a href=\"https:\/\/dellarmilaw.com\/es\/author\/admin\/\" title=\"Entradas de Sylvia\" rel=\"author\">Sylvia<\/a><\/span><\/span><span class=\"updated\" style=\"display:none;\">2024-10-03T16:03:27-04:00<\/span><p class=\"meta\"><span class=\"vcard\" style=\"display: none;\"><span class=\"fn\"><a href=\"https:\/\/dellarmilaw.com\/es\/author\/admin\/\" title=\"Entradas de Sylvia\" rel=\"author\">Sylvia<\/a><\/span><\/span><span class=\"updated\" style=\"display:none;\">2024-10-03T16:03:27-04:00<\/span><a href=\"https:\/\/dellarmilaw.com\/es\/category\/sin-categorizar\/\" rel=\"category tag\">Sin categorizar<\/a><span class=\"fusion-inline-sep\">|<\/span><\/p><p>Cada a\u00f1o, millones de estadounidenses sufren lesiones intencionadas o involuntarias, lo que significa que hay innumerables casos de lesiones personales que se llevan a los [...]<\/p><\/div><\/article><article class=\"post fusion-column column col col-lg-4 col-md-4 col-sm-4 fusion-animated\" data-animationType=\"fadeInUp\" data-animationDuration=\"0.3\" data-animationOffset=\"top-into-view\"><div class=\"fusion-flexslider fusion-flexslider-loading flexslider flexslider-hover-type-liftup\"><ul class=\"slides\"><li><a href=\"https:\/\/dellarmilaw.com\/es\/leyes-de-trafico-de-florida-cuales-son-mis-derechos-por-un-cargo-de-dui-en-florida\/\" aria-label=\"Leyes de Tr\u00e1fico de Florida: \u00bfCu\u00e1les son mis derechos por un cargo de DUI en Florida?\" class=\"hover-type-liftup\"><img decoding=\"async\" width=\"700\" height=\"441\" src=\"https:\/\/dellarmilaw.com\/wp-content\/uploads\/2022\/09\/policeman-with-alcotest-device-2021-10-13-20-57-57-utc-700x441.jpg\" class=\"attachment-recent-posts size-recent-posts lazyload\" alt=\"\" srcset=\"data:image\/svg+xml,%3Csvg%20xmlns%3D%27http%3A%2F%2Fwww.w3.org%2F2000%2Fsvg%27%20width%3D%272560%27%20height%3D%271709%27%20viewBox%3D%270%200%202560%201709%27%3E%3Crect%20width%3D%272560%27%20height%3D%271709%27%20fill-opacity%3D%220%22%2F%3E%3C%2Fsvg%3E\" data-orig-src=\"https:\/\/dellarmilaw.com\/wp-content\/uploads\/2022\/09\/policeman-with-alcotest-device-2021-10-13-20-57-57-utc-700x441.jpg\" data-srcset=\"https:\/\/dellarmilaw.com\/wp-content\/uploads\/2022\/09\/policeman-with-alcotest-device-2021-10-13-20-57-57-utc-320x202.jpg 320w, https:\/\/dellarmilaw.com\/wp-content\/uploads\/2022\/09\/policeman-with-alcotest-device-2021-10-13-20-57-57-utc-700x441.jpg 700w\" data-sizes=\"auto\" \/><\/a><\/li><\/ul><\/div><div class=\"recent-posts-content\"><span class=\"entry-title\" style=\"display: none;\">Leyes de Tr\u00e1fico de Florida: \u00bfCu\u00e1les son mis derechos por un cargo de DUI en Florida?<\/span><span class=\"vcard\" style=\"display: none;\"><span class=\"fn\"><a href=\"https:\/\/dellarmilaw.com\/es\/author\/admin\/\" title=\"Entradas de Sylvia\" rel=\"author\">Sylvia<\/a><\/span><\/span><span class=\"updated\" style=\"display:none;\">2024-10-03T16:03:28-04:00<\/span><p class=\"meta\"><span class=\"vcard\" style=\"display: none;\"><span class=\"fn\"><a href=\"https:\/\/dellarmilaw.com\/es\/author\/admin\/\" title=\"Entradas de Sylvia\" rel=\"author\">Sylvia<\/a><\/span><\/span><span class=\"updated\" style=\"display:none;\">2024-10-03T16:03:28-04:00<\/span><a href=\"https:\/\/dellarmilaw.com\/es\/category\/sin-categorizar\/\" rel=\"category tag\">Sin categorizar<\/a><span class=\"fusion-inline-sep\">|<\/span><\/p><p>N\u00bfNecesita informaci\u00f3n sobre las leyes de tr\u00e1fico de Florida? Si se le acusa de un DUI en Florida, necesitar\u00e1 un abogado lo antes posible. Aqu\u00ed [...]<\/p><\/div><\/article><article class=\"post fusion-column column col col-lg-4 col-md-4 col-sm-4 fusion-animated\" data-animationType=\"fadeInUp\" data-animationDuration=\"0.3\" data-animationOffset=\"top-into-view\"><div class=\"fusion-flexslider fusion-flexslider-loading flexslider flexslider-hover-type-liftup\"><ul class=\"slides\"><li><a href=\"https:\/\/dellarmilaw.com\/es\/huracan-ian-necesita-presentar-una-reclamacion-asegurese-de-seguir-estos-pasos\/\" aria-label=\"Hurac\u00e1n Ian: \u00bfNecesita presentar una reclamaci\u00f3n? Aseg\u00farese de seguir estos pasos\" class=\"hover-type-liftup\"><img decoding=\"async\" width=\"700\" height=\"441\" src=\"https:\/\/dellarmilaw.com\/wp-content\/uploads\/2022\/10\/DellArmi-Law-Hurricane-Ian-Property-Damage-piles-of-damaged-property-along-the-side-of-the-road-700x441.jpg\" class=\"attachment-recent-posts size-recent-posts lazyload\" alt=\"Dell&#039;Armi Law-Hurricane Ian- Property Damage-piles-of-damaged-property-along-the-side-of-the-road\" srcset=\"data:image\/svg+xml,%3Csvg%20xmlns%3D%27http%3A%2F%2Fwww.w3.org%2F2000%2Fsvg%27%20width%3D%272560%27%20height%3D%271700%27%20viewBox%3D%270%200%202560%201700%27%3E%3Crect%20width%3D%272560%27%20height%3D%271700%27%20fill-opacity%3D%220%22%2F%3E%3C%2Fsvg%3E\" data-orig-src=\"https:\/\/dellarmilaw.com\/wp-content\/uploads\/2022\/10\/DellArmi-Law-Hurricane-Ian-Property-Damage-piles-of-damaged-property-along-the-side-of-the-road-700x441.jpg\" data-srcset=\"https:\/\/dellarmilaw.com\/wp-content\/uploads\/2022\/10\/DellArmi-Law-Hurricane-Ian-Property-Damage-piles-of-damaged-property-along-the-side-of-the-road-320x202.jpg 320w, https:\/\/dellarmilaw.com\/wp-content\/uploads\/2022\/10\/DellArmi-Law-Hurricane-Ian-Property-Damage-piles-of-damaged-property-along-the-side-of-the-road-700x441.jpg 700w\" data-sizes=\"auto\" \/><\/a><\/li><\/ul><\/div><div class=\"recent-posts-content\"><span class=\"entry-title\" style=\"display: none;\">Hurac\u00e1n Ian: \u00bfNecesita presentar una reclamaci\u00f3n? Aseg\u00farese de seguir estos pasos<\/span><span class=\"vcard\" style=\"display: none;\"><span class=\"fn\"><a href=\"https:\/\/dellarmilaw.com\/es\/author\/admin\/\" title=\"Entradas de Sylvia\" rel=\"author\">Sylvia<\/a><\/span><\/span><span class=\"updated\" style=\"display:none;\">2024-10-03T16:03:28-04:00<\/span><p class=\"meta\"><span class=\"vcard\" style=\"display: none;\"><span class=\"fn\"><a href=\"https:\/\/dellarmilaw.com\/es\/author\/admin\/\" title=\"Entradas de Sylvia\" rel=\"author\">Sylvia<\/a><\/span><\/span><span class=\"updated\" style=\"display:none;\">2024-10-03T16:03:28-04:00<\/span><a href=\"https:\/\/dellarmilaw.com\/es\/category\/sin-categorizar\/\" rel=\"category tag\">Sin categorizar<\/a><span class=\"fusion-inline-sep\">|<\/span><\/p><p> Aespu\u00e9s del hurac\u00e1n Ian, es posible que tenga que reconstruir su casa o negocio y hacer frente a los da\u00f1os materiales, incluyendo coches, electrodom\u00e9sticos [...]<\/p><\/div><\/article><article class=\"post fusion-column column col col-lg-4 col-md-4 col-sm-4 fusion-animated\" data-animationType=\"fadeInUp\" data-animationDuration=\"0.3\" data-animationOffset=\"top-into-view\"><div class=\"fusion-flexslider fusion-flexslider-loading flexslider flexslider-hover-type-liftup\"><ul class=\"slides\"><li><a href=\"https:\/\/dellarmilaw.com\/es\/estado-actual-de-la-reforma-migratoria-en-ee-uu-lo-que-debe-saber\/\" aria-label=\"\u00bfEs necesario un cambio importante en el sistema de inmigraci\u00f3n de Estados Unidos para lograr un flujo de inmigrantes saludable?\" class=\"hover-type-liftup\"><img decoding=\"async\" width=\"700\" height=\"441\" src=\"https:\/\/dellarmilaw.com\/wp-content\/uploads\/2022\/06\/rally-keeping-families-together-activism_human_kind_be_both-700x441.jpg\" class=\"attachment-recent-posts size-recent-posts lazyload\" alt=\"\" srcset=\"data:image\/svg+xml,%3Csvg%20xmlns%3D%27http%3A%2F%2Fwww.w3.org%2F2000%2Fsvg%27%20width%3D%272560%27%20height%3D%271707%27%20viewBox%3D%270%200%202560%201707%27%3E%3Crect%20width%3D%272560%27%20height%3D%271707%27%20fill-opacity%3D%220%22%2F%3E%3C%2Fsvg%3E\" data-orig-src=\"https:\/\/dellarmilaw.com\/wp-content\/uploads\/2022\/06\/rally-keeping-families-together-activism_human_kind_be_both-700x441.jpg\" data-srcset=\"https:\/\/dellarmilaw.com\/wp-content\/uploads\/2022\/06\/rally-keeping-families-together-activism_human_kind_be_both-320x202.jpg 320w, https:\/\/dellarmilaw.com\/wp-content\/uploads\/2022\/06\/rally-keeping-families-together-activism_human_kind_be_both-700x441.jpg 700w\" data-sizes=\"auto\" \/><\/a><\/li><\/ul><\/div><div class=\"recent-posts-content\"><span class=\"entry-title\" style=\"display: none;\">\u00bfEs necesario un cambio importante en el sistema de inmigraci\u00f3n de Estados Unidos para lograr un flujo de inmigrantes saludable?<\/span><span class=\"vcard\" style=\"display: none;\"><span class=\"fn\"><a href=\"https:\/\/dellarmilaw.com\/es\/author\/admin\/\" title=\"Entradas de Sylvia\" rel=\"author\">Sylvia<\/a><\/span><\/span><span class=\"updated\" style=\"display:none;\">2024-10-03T16:03:29-04:00<\/span><p class=\"meta\"><span class=\"vcard\" style=\"display: none;\"><span class=\"fn\"><a href=\"https:\/\/dellarmilaw.com\/es\/author\/admin\/\" title=\"Entradas de Sylvia\" rel=\"author\">Sylvia<\/a><\/span><\/span><span class=\"updated\" style=\"display:none;\">2024-10-03T16:03:29-04:00<\/span><a href=\"https:\/\/dellarmilaw.com\/es\/category\/sin-categorizar\/\" rel=\"category tag\">Sin categorizar<\/a><span class=\"fusion-inline-sep\">|<\/span><\/p><p> En los \u00faltimos a\u00f1os, el sistema de inmigraci\u00f3n de Estados Unidos ha sido un tema de intenso debate. Seg\u00fan los \u00faltimos datos de 2023, [...]<\/p><\/div><\/article><\/section><\/div><\/div><\/div><\/div><\/div><div class=\"fusion-fullwidth fullwidth-box fusion-builder-row-2 fusion-flex-container nonhundred-percent-fullwidth non-hundred-percent-height-scrolling\" style=\"--awb-border-radius-top-left:0px;--awb-border-radius-top-right:0px;--awb-border-radius-bottom-right:0px;--awb-border-radius-bottom-left:0px;--awb-padding-top:0px;--awb-padding-bottom:0px;--awb-padding-bottom-medium:32px;--awb-padding-top-small:40px;--awb-padding-bottom-small:40px;--awb-margin-top:0px;--awb-margin-bottom:0px;--awb-flex-wrap:wrap;\" ><div class=\"fusion-builder-row fusion-row fusion-flex-align-items-flex-start fusion-flex-justify-content-center fusion-flex-content-wrap\" style=\"max-width:1310.4px;margin-left: calc(-4% \/ 2 );margin-right: calc(-4% \/ 2 );\"><div class=\"fusion-layout-column fusion_builder_column fusion-builder-column-1 fusion_builder_column_3_4 3_4 fusion-flex-column fusion-animated\" style=\"--awb-bg-size:cover;--awb-width-large:75%;--awb-margin-top-large:20px;--awb-spacing-right-large:2.56%;--awb-margin-bottom-large:20px;--awb-spacing-left-large:2.56%;--awb-width-medium:75%;--awb-spacing-right-medium:2.56%;--awb-margin-bottom-medium:30px;--awb-spacing-left-medium:2.56%;--awb-width-small:100%;--awb-spacing-right-small:1.92%;--awb-spacing-left-small:1.92%;\" data-animationType=\"bounceInDown\" data-animationDuration=\"1.6\" data-animationDelay=\"0.5\" data-animationOffset=\"top-into-view\"><div class=\"fusion-column-wrapper fusion-column-has-shadow fusion-flex-justify-content-flex-start fusion-content-layout-column\"><div class=\"fusion-title title fusion-title-1 fusion-sep-none fusion-title-center fusion-title-text fusion-title-size-two\" style=\"--awb-margin-top-small:10px;--awb-margin-right-small:0px;--awb-margin-bottom-small:20px;--awb-margin-left-small:0px;\"><h2 class=\"fusion-title-heading title-heading-center fusion-responsive-typography-calculated\" style=\"margin:0;--fontSize:48;line-height:1.2;\"><span style=\"color: var(--awb-color7);\">Obtenga una consulta<\/span> <span style=\"color: var(--awb-color5);\">Profesional.<\/span><\/h2><\/div><div class=\"fusion-text fusion-text-1\" style=\"--awb-content-alignment:center;--awb-font-size:26px;--awb-line-height:36px;\"><p><span style=\"color: var(--awb-color7);\">Ll\u00e1menos hoy al <\/span><span style=\"color: var(--awb-color7);\"><a style=\"color: var(--awb-color6);\" href=\"tel:+1-888-276-4529\"><b>888-ARMI-LAW<\/b><\/a><span style=\"color: var(--awb-color7);\"> y reciba un acompa\u00f1amiento profesional durante todo su caso con el equipo de Dell\u2019Armi.<\/span><\/span><\/p>\n<\/div><div style=\"text-align:center;\"><a class=\"fusion-button button-flat fusion-button-default-size button-default fusion-button-default button-1 fusion-button-default-span fusion-button-default-type\" style=\"--awb-margin-top:32px;--awb-margin-bottom:12px;\" target=\"_self\" href=\"tel:+1-941-896-6319\"><span class=\"fusion-button-text awb-button__text awb-button__text--default\">\u00a1Ll\u00e1menos Ahora!<\/span><\/a><\/div><\/div><\/div><\/div><\/div>\n<\/p>\n","protected":false},"excerpt":{"rendered":"","protected":false},"author":8,"featured_media":16960,"parent":0,"menu_order":0,"comment_status":"closed","ping_status":"closed","template":"","meta":{"footnotes":""},"class_list":["post-17996","page","type-page","status-publish","has-post-thumbnail","hentry"],"_links":{"self":[{"href":"https:\/\/dellarmilaw.com\/es\/wp-json\/wp\/v2\/pages\/17996","targetHints":{"allow":["GET"]}}],"collection":[{"href":"https:\/\/dellarmilaw.com\/es\/wp-json\/wp\/v2\/pages"}],"about":[{"href":"https:\/\/dellarmilaw.com\/es\/wp-json\/wp\/v2\/types\/page"}],"author":[{"embeddable":true,"href":"https:\/\/dellarmilaw.com\/es\/wp-json\/wp\/v2\/users\/8"}],"replies":[{"embeddable":true,"href":"https:\/\/dellarmilaw.com\/es\/wp-json\/wp\/v2\/comments?post=17996"}],"version-history":[{"count":5,"href":"https:\/\/dellarmilaw.com\/es\/wp-json\/wp\/v2\/pages\/17996\/revisions"}],"predecessor-version":[{"id":18759,"href":"https:\/\/dellarmilaw.com\/es\/wp-json\/wp\/v2\/pages\/17996\/revisions\/18759"}],"wp:featuredmedia":[{"embeddable":true,"href":"https:\/\/dellarmilaw.com\/es\/wp-json\/wp\/v2\/media\/16960"}],"wp:attachment":[{"href":"https:\/\/dellarmilaw.com\/es\/wp-json\/wp\/v2\/media?parent=17996"}],"curies":[{"name":"wp","href":"https:\/\/api.w.org\/{rel}","templated":true}]}}