{"id":18002,"date":"2020-08-20T17:49:59","date_gmt":"2020-08-20T21:49:59","guid":{"rendered":"https:\/\/dellarmilaw.com\/servicios\/"},"modified":"2025-05-07T08:32:29","modified_gmt":"2025-05-07T12:32:29","slug":"servicios","status":"publish","type":"page","link":"https:\/\/dellarmilaw.com\/es\/servicios\/","title":{"rendered":"Servicios"},"content":{"rendered":"<p><div class=\"fusion-fullwidth fullwidth-box fusion-builder-row-1 fusion-flex-container has-pattern-background has-mask-background hundred-percent-fullwidth non-hundred-percent-height-scrolling fusion-sticky-container\" style=\"--awb-border-radius-top-left:0px;--awb-border-radius-top-right:0px;--awb-border-radius-bottom-right:0px;--awb-border-radius-bottom-left:0px;--awb-padding-top:15px;--awb-padding-bottom:6px;--awb-margin-top:0px;--awb-margin-bottom:0px;--awb-background-color:var(--awb-color7);--awb-flex-wrap:nowrap;\" data-transition-offset=\"0\" data-scroll-offset=\"0\" data-sticky-small-visibility=\"1\" data-sticky-medium-visibility=\"1\" data-sticky-large-visibility=\"1\" ><div class=\"fusion-builder-row fusion-row fusion-flex-align-items-flex-start fusion-flex-content-wrap\" style=\"width:104% !important;max-width:104% !important;margin-left: calc(-4% \/ 2 );margin-right: calc(-4% \/ 2 );\"><div class=\"fusion-layout-column fusion_builder_column fusion-builder-column-0 fusion-flex-column fusion-flex-align-self-center\" style=\"--awb-padding-top:0px;--awb-padding-right:0px;--awb-padding-bottom:0px;--awb-bg-size:cover;--awb-width-large:auto;--awb-margin-top-large:0px;--awb-spacing-right-large:0px;--awb-margin-bottom-large:0px;--awb-spacing-left-large:0px;--awb-width-medium:auto;--awb-order-medium:0;--awb-spacing-right-medium:0px;--awb-spacing-left-medium:0px;--awb-width-small:100%;--awb-order-small:0;--awb-spacing-right-small:1.92%;--awb-spacing-left-small:1.92%;\"><div class=\"fusion-column-wrapper fusion-column-has-shadow fusion-flex-justify-content-center fusion-content-layout-row fusion-flex-align-items-center\"><div class=\"fusion-title title fusion-title-1 fusion-sep-none fusion-title-marquee fusion-animate-once fusion-title-size-two\" style=\"--awb-text-color:var(--awb-color1);--awb-margin-top-small:10px;--awb-margin-right-small:0px;--awb-margin-bottom-small:20px;--awb-margin-left-small:0px;--awb-marquee-speed:46500ms;--awb-marquee-translate-x:-100%;--awb-font-size:42px;\"><h2 class=\"fusion-title-heading title-heading-left awb-marquee-left fusion-responsive-typography-calculated\" style=\"font-family:&quot;Montserrat&quot;;font-style:normal;font-weight:700;margin:0;letter-spacing:2px;font-size:1em;--fontSize:42;line-height:1.2;\"><span class=\"awb-marquee-content\">Perm\u00edtanos luchar por usted y por sus seres queridos. Perm\u00edtanos luchar por usted y por sus seres queridos.<\/span><span class=\"awb-marquee-content\">Perm\u00edtanos luchar por usted y por sus seres queridos. Perm\u00edtanos luchar por usted y por sus seres queridos.<\/span><\/h2><\/div><\/div><\/div><\/div><\/div><div class=\"fusion-fullwidth fullwidth-box fusion-builder-row-2 fusion-flex-container nonhundred-percent-fullwidth non-hundred-percent-height-scrolling\" style=\"--link_hover_color: var(--awb-color5);--link_color: var(--awb-color7);--awb-border-radius-top-left:0px;--awb-border-radius-top-right:0px;--awb-border-radius-bottom-right:0px;--awb-border-radius-bottom-left:0px;--awb-padding-top:0px;--awb-padding-bottom:0px;--awb-padding-top-medium:60px;--awb-padding-bottom-medium:80px;--awb-padding-top-small:24px;--awb-padding-bottom-small:48px;--awb-margin-bottom:0px;--awb-flex-wrap:wrap;\" ><div class=\"fusion-builder-row fusion-row fusion-flex-align-items-flex-start fusion-flex-justify-content-center fusion-flex-content-wrap\" style=\"max-width:1310.4px;margin-left: calc(-4% \/ 2 );margin-right: calc(-4% \/ 2 );\"><div class=\"fusion-layout-column fusion_builder_column fusion-builder-column-1 fusion_builder_column_1_1 1_1 fusion-flex-column\" style=\"--awb-bg-size:cover;--awb-width-large:100%;--awb-margin-top-large:0px;--awb-spacing-right-large:1.92%;--awb-margin-bottom-large:20px;--awb-spacing-left-large:1.92%;--awb-width-medium:100%;--awb-order-medium:0;--awb-spacing-right-medium:1.92%;--awb-spacing-left-medium:1.92%;--awb-width-small:100%;--awb-order-small:0;--awb-spacing-right-small:1.92%;--awb-spacing-left-small:1.92%;\"><div class=\"fusion-column-wrapper fusion-column-has-shadow fusion-flex-justify-content-flex-start fusion-content-layout-column\"><div class=\"fusion-title title fusion-title-2 fusion-sep-none fusion-title-center fusion-title-text fusion-title-size-two fusion-animated\" style=\"--awb-margin-top-small:10px;--awb-margin-right-small:0px;--awb-margin-bottom-small:20px;--awb-margin-left-small:0px;\" data-animationType=\"fadeInDown\" data-animationDuration=\"0.3\" data-animationOffset=\"top-into-view\"><h2 class=\"fusion-title-heading title-heading-center fusion-responsive-typography-calculated\" style=\"margin:0;--fontSize:48;line-height:1.2;\"><span style=\"font-size: 29px; font-family: Montserrat; font-weight: 400; letter-spacing: 2px;\" data-fusion-font=\"true\" data-fusion-google-font=\"Montserrat\" data-fusion-google-variant=\"400\">Inf\u00f3rmese Acerca de<br \/>\n<\/span>Nuestra Experiencia<\/h2><\/div><div class=\"fusion-text fusion-text-1\"><p style=\"text-align: center;\">En la Firma de Abogados Dell&#8217;Armi, brindamos servicios legales de primer nivel en toda Florida y nos especializamos en garantizarle la compensaci\u00f3n que se merece. Nuestro experimentado equipo est\u00e1 dedicado a luchar por sus derechos y garantizar que tome decisiones informadas y seguras en cada paso del camino.<\/p>\n<\/div><\/div><\/div><div class=\"fusion-layout-column fusion_builder_column fusion-builder-column-2 fusion_builder_column_1_2 1_2 fusion-flex-column fusion-column-inner-bg-wrapper\" style=\"--awb-padding-top:0px;--awb-padding-right:0px;--awb-padding-bottom:5%;--awb-padding-left:0px;--awb-overflow:hidden;--awb-inner-bg-size:cover;--awb-box-shadow:0px 2px 4px -1px hsla(var(--awb-color1-h),var(--awb-color1-s),calc( var(--awb-color1-l) - 100% ),calc( var(--awb-color1-a) - 95% ));;--awb-border-color:hsla(var(--awb-color1-h),var(--awb-color1-s),calc( var(--awb-color1-l) - 100% ),calc( var(--awb-color1-a) - 95% ));--awb-border-top:2px;--awb-border-right:2px;--awb-border-bottom:2px;--awb-border-left:2px;--awb-border-style:solid;--awb-border-radius:8px 8px 8px 8px;--awb-inner-bg-border-radius:8px 8px 8px 8px;--awb-inner-bg-overflow:hidden;--awb-width-large:50%;--awb-margin-top-large:20px;--awb-spacing-right-large:20px;--awb-margin-bottom-large:20px;--awb-spacing-left-large:20px;--awb-width-medium:50%;--awb-order-medium:0;--awb-spacing-right-medium:20px;--awb-spacing-left-medium:20px;--awb-width-small:100%;--awb-order-small:0;--awb-spacing-right-small:1.92%;--awb-margin-bottom-small:10px;--awb-spacing-left-small:1.92%;\"><span class=\"fusion-column-inner-bg hover-type-none\"><a class=\"fusion-column-anchor\" href=\"https:\/\/dellarmilaw.com\/our-expertise\/personal-injury\/\"><span class=\"fusion-column-inner-bg-image\"><\/span><\/a><\/span><div class=\"fusion-column-wrapper fusion-column-has-shadow fusion-flex-justify-content-flex-start fusion-content-layout-column\"><div class=\"fusion-image-element \" style=\"--awb-aspect-ratio:21 \/ 9;--awb-object-position:0% 44%;--awb-caption-title-font-family:var(--h2_typography-font-family);--awb-caption-title-font-weight:var(--h2_typography-font-weight);--awb-caption-title-font-style:var(--h2_typography-font-style);--awb-caption-title-size:var(--h2_typography-font-size);--awb-caption-title-transform:var(--h2_typography-text-transform);--awb-caption-title-line-height:var(--h2_typography-line-height);--awb-caption-title-letter-spacing:var(--h2_typography-letter-spacing);\"><span class=\" fusion-imageframe imageframe-none imageframe-1 hover-type-none has-aspect-ratio\"><img decoding=\"async\" width=\"1200\" height=\"420\" title=\"Services &#8211; Property Damage\" src=\"https:\/\/dellarmilaw.com\/wp-content\/uploads\/2024\/08\/Services-Property-Damage.jpg\" data-orig-src=\"https:\/\/dellarmilaw.com\/wp-content\/uploads\/2024\/08\/Services-Property-Damage-1200x420.jpg\" class=\"lazyload img-responsive wp-image-16978 img-with-aspect-ratio\" data-parent-fit=\"cover\" data-parent-container=\".fusion-image-element\" alt srcset=\"data:image\/svg+xml,%3Csvg%20xmlns%3D%27http%3A%2F%2Fwww.w3.org%2F2000%2Fsvg%27%20width%3D%272000%27%20height%3D%27700%27%20viewBox%3D%270%200%202000%20700%27%3E%3Crect%20width%3D%272000%27%20height%3D%27700%27%20fill-opacity%3D%220%22%2F%3E%3C%2Fsvg%3E\" data-srcset=\"https:\/\/dellarmilaw.com\/wp-content\/uploads\/2024\/08\/Services-Property-Damage-200x70.jpg 200w, https:\/\/dellarmilaw.com\/wp-content\/uploads\/2024\/08\/Services-Property-Damage-400x140.jpg 400w, https:\/\/dellarmilaw.com\/wp-content\/uploads\/2024\/08\/Services-Property-Damage-600x210.jpg 600w, https:\/\/dellarmilaw.com\/wp-content\/uploads\/2024\/08\/Services-Property-Damage-800x280.jpg 800w, https:\/\/dellarmilaw.com\/wp-content\/uploads\/2024\/08\/Services-Property-Damage-1200x420.jpg 1200w\" data-sizes=\"auto\" data-orig-sizes=\"(max-width: 640px) 100vw, 800px\" \/><\/span><\/div><div class=\"fusion-title title fusion-title-3 fusion-sep-none fusion-title-text fusion-title-size-two\" style=\"--awb-margin-right:3%;--awb-margin-left:3%;--awb-margin-top-small:10px;--awb-margin-right-small:0px;--awb-margin-bottom-small:20px;--awb-margin-left-small:0px;\"><h2 class=\"fusion-title-heading title-heading-left fusion-responsive-typography-calculated\" style=\"margin:0;--fontSize:48;line-height:1.2;\">Da\u00f1os a la Propiedad<\/h2><\/div><div class=\"fusion-text fusion-text-2\" style=\"--awb-margin-right:3%;--awb-margin-left:3%;\"><p style=\"text-align: justify;\">Aseguramos la compensaci\u00f3n por da\u00f1os a su hogar, negocio o pertenencias. Brindamos el apoyo necesario para garantizar que reciba la m\u00e1xima compensaci\u00f3n cuando se enfrente a una reclamaci\u00f3n denegada o mal pagada.<\/p>\n<\/div><ul style=\"--awb-item-padding-right:3%;--awb-item-padding-left:3%;--awb-iconcolor:var(--awb-color7);--awb-line-height:30.6px;--awb-icon-width:30.6px;--awb-icon-height:30.6px;--awb-icon-margin:12.6px;--awb-content-margin:43.2px;\" class=\"fusion-checklist fusion-checklist-1 fusion-checklist-default type-icons\"><li class=\"fusion-li-item\" style=\"\"><span class=\"icon-wrapper circle-no\"><i class=\"fusion-li-icon icon-accountant-check\" aria-hidden=\"true\"><\/i><\/span><div class=\"fusion-li-item-content\">\n<p><b>Desastres Naturales<\/b><br \/>\nAsistencia experta en casos de huracanes, tormentas severas e inundaciones para ayudarle a recuperarse y obtener una compensaci\u00f3n.<\/p>\n<\/div><\/li><li class=\"fusion-li-item\" style=\"\"><span class=\"icon-wrapper circle-no\"><i class=\"fusion-li-icon icon-accountant-check\" aria-hidden=\"true\"><\/i><\/span><div class=\"fusion-li-item-content\">\n<p><b>Incendios y Humo<br \/>\n<\/b>Ofrecemos apoyo para garantizar una compensaci\u00f3n justa por las p\u00e9rdidas por da\u00f1os causados \u200b\u200bpor incendio y humo.<\/p>\n<\/div><\/li><li class=\"fusion-li-item\" style=\"\"><span class=\"icon-wrapper circle-no\"><i class=\"fusion-li-icon icon-accountant-check\" aria-hidden=\"true\"><\/i><\/span><div class=\"fusion-li-item-content\">\n<p><b>Da\u00f1os por Agua<\/b><br \/>\nManejamos reclamos por fugas: aire acondicionado, fugas en la cocina, fugas en losas, fugas en el ba\u00f1o, fugas en lavamanos y defectos de plomer\u00eda.<\/p>\n<\/div><\/li><li class=\"fusion-li-item\" style=\"\"><span class=\"icon-wrapper circle-no\"><i class=\"fusion-li-icon icon-accountant-check\" aria-hidden=\"true\"><\/i><\/span><div class=\"fusion-li-item-content\">\n<p><b>Problemas El\u00e9ctricos<\/b><br \/>\nAbordamos reclamos relacionados con fallas el\u00e9ctricas y defectos de cableado para garantizar reparaciones y compensaciones adecuadas.<\/p>\n<\/div><\/li><li class=\"fusion-li-item\" style=\"\"><span class=\"icon-wrapper circle-no\"><i class=\"fusion-li-icon icon-accountant-check\" aria-hidden=\"true\"><\/i><\/span><div class=\"fusion-li-item-content\">\n<p><b>Da\u00f1os Estructurales<\/b><br \/>\nGestionamos reclamaciones por da\u00f1os causados \u200b\u200bpor tormentas y vandalismo, incluyendo asistencia integral para reparaciones.<\/p>\n<\/div><\/li><li class=\"fusion-li-item\" style=\"\"><span class=\"icon-wrapper circle-no\"><i class=\"fusion-li-icon icon-accountant-check\" aria-hidden=\"true\"><\/i><\/span><div class=\"fusion-li-item-content\">\n<p style=\"text-align: justify;\"><b>Vandalismo y M\u00e1s<\/b><br \/>\nAyudamos en la recuperaci\u00f3n de da\u00f1os materiales malintencionados y abordamos otros problemas relacionados con la propiedad.<\/p>\n<\/div><\/li><\/ul><div class=\"fusion-separator fusion-full-width-sep\" style=\"align-self: center;margin-left: auto;margin-right: auto;margin-bottom:20px;width:100%;\"><\/div><div class=\"fusion-text fusion-text-3\" style=\"--awb-margin-right:3%;--awb-margin-left:3%;--awb-text-font-family:var(--awb-typography3-font-family);--awb-text-font-weight:var(--awb-typography3-font-weight);--awb-text-font-style:var(--awb-typography3-font-style);\"><p><a href=\"\/?page_id=18198\">M\u00e1s informaci\u00f3n<\/a><\/p>\n<\/div><\/div><\/div><div class=\"fusion-layout-column fusion_builder_column fusion-builder-column-3 fusion_builder_column_1_2 1_2 fusion-flex-column fusion-column-inner-bg-wrapper\" style=\"--awb-padding-top:0px;--awb-padding-right:0px;--awb-padding-bottom:5%;--awb-padding-left:0px;--awb-overflow:hidden;--awb-inner-bg-size:cover;--awb-box-shadow:0px 2px 4px -1px hsla(var(--awb-color1-h),var(--awb-color1-s),calc( var(--awb-color1-l) - 100% ),calc( var(--awb-color1-a) - 95% ));;--awb-border-color:hsla(var(--awb-color1-h),var(--awb-color1-s),calc( var(--awb-color1-l) - 100% ),calc( var(--awb-color1-a) - 95% ));--awb-border-top:2px;--awb-border-right:2px;--awb-border-bottom:2px;--awb-border-left:2px;--awb-border-style:solid;--awb-border-radius:8px 8px 8px 8px;--awb-inner-bg-border-radius:8px 8px 8px 8px;--awb-inner-bg-overflow:hidden;--awb-width-large:50%;--awb-margin-top-large:20px;--awb-spacing-right-large:20px;--awb-margin-bottom-large:20px;--awb-spacing-left-large:20px;--awb-width-medium:50%;--awb-order-medium:0;--awb-spacing-right-medium:20px;--awb-spacing-left-medium:20px;--awb-width-small:100%;--awb-order-small:0;--awb-spacing-right-small:1.92%;--awb-margin-bottom-small:10px;--awb-spacing-left-small:1.92%;\"><span class=\"fusion-column-inner-bg hover-type-none\"><a class=\"fusion-column-anchor\" href=\"https:\/\/dellarmilaw.com\/our-expertise\/personal-injury\/\"><span class=\"fusion-column-inner-bg-image\"><\/span><\/a><\/span><div class=\"fusion-column-wrapper fusion-column-has-shadow fusion-flex-justify-content-flex-start fusion-content-layout-column\"><div class=\"fusion-image-element \" style=\"--awb-aspect-ratio:21 \/ 9;--awb-object-position:0% 44%;--awb-caption-title-font-family:var(--h2_typography-font-family);--awb-caption-title-font-weight:var(--h2_typography-font-weight);--awb-caption-title-font-style:var(--h2_typography-font-style);--awb-caption-title-size:var(--h2_typography-font-size);--awb-caption-title-transform:var(--h2_typography-text-transform);--awb-caption-title-line-height:var(--h2_typography-line-height);--awb-caption-title-letter-spacing:var(--h2_typography-letter-spacing);\"><span class=\" fusion-imageframe imageframe-none imageframe-2 hover-type-none has-aspect-ratio\"><img decoding=\"async\" width=\"1200\" height=\"420\" title=\"Services &#8211; Immigration\" src=\"https:\/\/dellarmilaw.com\/wp-content\/uploads\/2024\/08\/Services-Immigration.jpg\" data-orig-src=\"https:\/\/dellarmilaw.com\/wp-content\/uploads\/2024\/08\/Services-Immigration-1200x420.jpg\" class=\"lazyload img-responsive wp-image-16974 img-with-aspect-ratio\" data-parent-fit=\"cover\" data-parent-container=\".fusion-image-element\" alt srcset=\"data:image\/svg+xml,%3Csvg%20xmlns%3D%27http%3A%2F%2Fwww.w3.org%2F2000%2Fsvg%27%20width%3D%272000%27%20height%3D%27700%27%20viewBox%3D%270%200%202000%20700%27%3E%3Crect%20width%3D%272000%27%20height%3D%27700%27%20fill-opacity%3D%220%22%2F%3E%3C%2Fsvg%3E\" data-srcset=\"https:\/\/dellarmilaw.com\/wp-content\/uploads\/2024\/08\/Services-Immigration-200x70.jpg 200w, https:\/\/dellarmilaw.com\/wp-content\/uploads\/2024\/08\/Services-Immigration-400x140.jpg 400w, https:\/\/dellarmilaw.com\/wp-content\/uploads\/2024\/08\/Services-Immigration-600x210.jpg 600w, https:\/\/dellarmilaw.com\/wp-content\/uploads\/2024\/08\/Services-Immigration-800x280.jpg 800w, https:\/\/dellarmilaw.com\/wp-content\/uploads\/2024\/08\/Services-Immigration-1200x420.jpg 1200w\" data-sizes=\"auto\" data-orig-sizes=\"(max-width: 640px) 100vw, 800px\" \/><\/span><\/div><div class=\"fusion-title title fusion-title-4 fusion-sep-none fusion-title-text fusion-title-size-two\" style=\"--awb-margin-right:3%;--awb-margin-left:3%;--awb-margin-top-small:10px;--awb-margin-right-small:0px;--awb-margin-bottom-small:20px;--awb-margin-left-small:0px;\"><h2 class=\"fusion-title-heading title-heading-left fusion-responsive-typography-calculated\" style=\"margin:0;--fontSize:48;line-height:1.2;\">Inmigraci\u00f3n<\/h2><\/div><div class=\"fusion-text fusion-text-4\" style=\"--awb-margin-right:3%;--awb-margin-left:3%;\"><p style=\"text-align: justify;\">Simplificamos su proceso de inmigraci\u00f3n con asistencia experta en solicitudes de visas, green cards, asilo y ciudadan\u00eda. Conf\u00ede en nosotros para que su proceso sea sencillo, eficiente y sin estr\u00e9s.<\/p>\n<\/div><ul style=\"--awb-item-padding-right:3%;--awb-item-padding-left:3%;--awb-iconcolor:var(--awb-color7);--awb-line-height:30.6px;--awb-icon-width:30.6px;--awb-icon-height:30.6px;--awb-icon-margin:12.6px;--awb-content-margin:43.2px;\" class=\"fusion-checklist fusion-checklist-2 fusion-checklist-default type-icons\"><li class=\"fusion-li-item\" style=\"\"><span class=\"icon-wrapper circle-no\"><i class=\"fusion-li-icon icon-accountant-check\" aria-hidden=\"true\"><\/i><\/span><div class=\"fusion-li-item-content\">\n<p><b>Visas<\/b><br \/>\nGestionamos de manera especializada diversas solicitudes de visa para garantizar un procesamiento preciso y aprobaciones oportunas.<\/p>\n<\/div><\/li><li class=\"fusion-li-item\" style=\"\"><span class=\"icon-wrapper circle-no\"><i class=\"fusion-li-icon icon-accountant-check\" aria-hidden=\"true\"><\/i><\/span><div class=\"fusion-li-item-content\">\n<p><b>Green Cards<\/b><br \/>\nAyudamos a obtener la residencia permanente orient\u00e1ndonos durante las etapas de solicitud.<\/p>\n<\/div><\/li><li class=\"fusion-li-item\" style=\"\"><span class=\"icon-wrapper circle-no\"><i class=\"fusion-li-icon icon-accountant-check\" aria-hidden=\"true\"><\/i><\/span><div class=\"fusion-li-item-content\">\n<p><b>Asilo<\/b><br \/>\nOfrecemos apoyo integral a los solicitantes de asilo, incluyendo asesoramiento jur\u00eddico y asistencia en la solicitud.<\/p>\n<\/div><\/li><li class=\"fusion-li-item\" style=\"\"><span class=\"icon-wrapper circle-no\"><i class=\"fusion-li-icon icon-accountant-check\" aria-hidden=\"true\"><\/i><\/span><div class=\"fusion-li-item-content\">\n<p><b>Ciudadan\u00eda<\/b><br \/>\nProporcionar orientaci\u00f3n detallada a trav\u00e9s del proceso de naturalizaci\u00f3n para la obtenci\u00f3n exitosa de la ciudadan\u00eda.<\/p>\n<\/div><\/li><li class=\"fusion-li-item\" style=\"\"><span class=\"icon-wrapper circle-no\"><i class=\"fusion-li-icon icon-accountant-check\" aria-hidden=\"true\"><\/i><\/span><div class=\"fusion-li-item-content\">\n<p><b>Permisos de Trabajo<\/b><br \/>\nApoyamos la adquisici\u00f3n de permisos de trabajo con asesor\u00eda estrat\u00e9gica y documentaci\u00f3n precisa.<\/p>\n<\/div><\/li><li class=\"fusion-li-item\" style=\"\"><span class=\"icon-wrapper circle-no\"><i class=\"fusion-li-icon icon-accountant-check\" aria-hidden=\"true\"><\/i><\/span><div class=\"fusion-li-item-content\">\n<p style=\"text-align: justify;\"><b>Otros Problemas<br \/>\n<\/b>Abordamos una variedad de preocupaciones relacionadas con la inmigraci\u00f3n con soluciones profesionales adaptadas para resolver sus <span style=\"color: var(--awb-textcolor); background-color: var(--awb-even-row-bgcolor); font-size: var(--awb-size); font-family: var(--body_typography-font-family); font-style: var(--body_typography-font-style,normal); font-weight: var(--body_typography-font-weight); letter-spacing: var(--body_typography-letter-spacing);\">desaf\u00edos legales.<\/span><\/p>\n<\/div><\/li><\/ul><div class=\"fusion-separator fusion-full-width-sep\" style=\"align-self: center;margin-left: auto;margin-right: auto;margin-bottom:20px;width:100%;\"><\/div><div class=\"fusion-text fusion-text-5\" style=\"--awb-margin-right:3%;--awb-margin-left:3%;--awb-text-font-family:var(--awb-typography3-font-family);--awb-text-font-weight:var(--awb-typography3-font-weight);--awb-text-font-style:var(--awb-typography3-font-style);\"><p><a href=\"\/?page_id=18198\">M\u00e1s informaci\u00f3n<\/a><\/p>\n<\/div><\/div><\/div><\/div><\/div><div class=\"fusion-fullwidth fullwidth-box fusion-builder-row-3 fusion-flex-container nonhundred-percent-fullwidth non-hundred-percent-height-scrolling\" style=\"--awb-border-radius-top-left:0px;--awb-border-radius-top-right:0px;--awb-border-radius-bottom-right:0px;--awb-border-radius-bottom-left:0px;--awb-padding-top:0px;--awb-padding-bottom:0px;--awb-padding-bottom-medium:32px;--awb-padding-top-small:40px;--awb-padding-bottom-small:40px;--awb-margin-top:0px;--awb-margin-bottom:0px;--awb-flex-wrap:wrap;\" ><div class=\"fusion-builder-row fusion-row fusion-flex-align-items-flex-start fusion-flex-justify-content-center fusion-flex-content-wrap\" style=\"max-width:1310.4px;margin-left: calc(-4% \/ 2 );margin-right: calc(-4% \/ 2 );\"><div class=\"fusion-layout-column fusion_builder_column fusion-builder-column-4 fusion_builder_column_3_4 3_4 fusion-flex-column fusion-animated\" style=\"--awb-bg-size:cover;--awb-width-large:75%;--awb-margin-top-large:20px;--awb-spacing-right-large:2.56%;--awb-margin-bottom-large:20px;--awb-spacing-left-large:2.56%;--awb-width-medium:75%;--awb-spacing-right-medium:2.56%;--awb-margin-bottom-medium:30px;--awb-spacing-left-medium:2.56%;--awb-width-small:100%;--awb-spacing-right-small:1.92%;--awb-spacing-left-small:1.92%;\" data-animationType=\"bounceInDown\" data-animationDuration=\"1.6\" data-animationDelay=\"0.5\" data-animationOffset=\"top-into-view\"><div class=\"fusion-column-wrapper fusion-column-has-shadow fusion-flex-justify-content-flex-start fusion-content-layout-column\"><div class=\"fusion-title title fusion-title-5 fusion-sep-none fusion-title-center fusion-title-text fusion-title-size-two\" style=\"--awb-margin-top-small:10px;--awb-margin-right-small:0px;--awb-margin-bottom-small:20px;--awb-margin-left-small:0px;\"><h2 class=\"fusion-title-heading title-heading-center fusion-responsive-typography-calculated\" style=\"margin:0;--fontSize:48;line-height:1.2;\"><span style=\"color: var(--awb-color7);\">Obtenga una consulta<\/span> <span style=\"color: var(--awb-color5);\">Profesional.<\/span><\/h2><\/div><div class=\"fusion-text fusion-text-6\" style=\"--awb-content-alignment:center;--awb-font-size:26px;--awb-line-height:36px;\"><p><span style=\"color: var(--awb-color7);\">Ll\u00e1menos hoy al <\/span><span style=\"color: var(--awb-color7);\"><a style=\"color: var(--awb-color6);\" href=\"tel:+1-888-276-4529\"><b>888-ARMI-LAW<\/b><\/a><span style=\"color: var(--awb-color7);\"> y reciba un acompa\u00f1amiento profesional durante todo su caso con el equipo de Dell\u2019Armi.<\/span><\/span><\/p>\n<\/div><div style=\"text-align:center;\"><a class=\"fusion-button button-flat fusion-button-default-size button-default fusion-button-default button-1 fusion-button-default-span fusion-button-default-type\" style=\"--awb-margin-top:32px;--awb-margin-bottom:12px;\" target=\"_self\" href=\"tel:+1-941-896-6319\"><span class=\"fusion-button-text awb-button__text awb-button__text--default\">\u00a1Ll\u00e1menos Ahora!<\/span><\/a><\/div><\/div><\/div><\/div><\/div>\n<\/p>\n","protected":false},"excerpt":{"rendered":"","protected":false},"author":8,"featured_media":16964,"parent":0,"menu_order":0,"comment_status":"closed","ping_status":"closed","template":"100-width.php","meta":{"footnotes":""},"class_list":["post-18002","page","type-page","status-publish","has-post-thumbnail","hentry"],"_links":{"self":[{"href":"https:\/\/dellarmilaw.com\/es\/wp-json\/wp\/v2\/pages\/18002","targetHints":{"allow":["GET"]}}],"collection":[{"href":"https:\/\/dellarmilaw.com\/es\/wp-json\/wp\/v2\/pages"}],"about":[{"href":"https:\/\/dellarmilaw.com\/es\/wp-json\/wp\/v2\/types\/page"}],"author":[{"embeddable":true,"href":"https:\/\/dellarmilaw.com\/es\/wp-json\/wp\/v2\/users\/8"}],"replies":[{"embeddable":true,"href":"https:\/\/dellarmilaw.com\/es\/wp-json\/wp\/v2\/comments?post=18002"}],"version-history":[{"count":77,"href":"https:\/\/dellarmilaw.com\/es\/wp-json\/wp\/v2\/pages\/18002\/revisions"}],"predecessor-version":[{"id":19021,"href":"https:\/\/dellarmilaw.com\/es\/wp-json\/wp\/v2\/pages\/18002\/revisions\/19021"}],"wp:featuredmedia":[{"embeddable":true,"href":"https:\/\/dellarmilaw.com\/es\/wp-json\/wp\/v2\/media\/16964"}],"wp:attachment":[{"href":"https:\/\/dellarmilaw.com\/es\/wp-json\/wp\/v2\/media?parent=18002"}],"curies":[{"name":"wp","href":"https:\/\/api.w.org\/{rel}","templated":true}]}}